{"id":38,"date":"2026-02-04T19:55:21","date_gmt":"2026-02-04T19:55:21","guid":{"rendered":"http:\/\/lwuufuh.cluster121.hosting.ovh.net\/?page_id=38"},"modified":"2026-02-10T20:15:39","modified_gmt":"2026-02-10T20:15:39","slug":"mentions","status":"publish","type":"page","link":"https:\/\/tourrettes-alarme.fr\/index.php\/mentions\/","title":{"rendered":"Mentions"},"content":{"rendered":"\n<p>Tourrettes Alarme Video R\u00e9seaux <\/p>\n\n\n\n<p>Entreprise individuelle Michel WALLAERE<\/p>\n\n\n\n<p>SIRET: 832 273  064 00028    APE: 4321A<\/p>\n\n\n\n<p>2 Gd Rue 06140 TOURRETTES SUR LOUP<\/p>\n\n\n\n<p>H\u00e9bergeur du site: OVH<\/p>\n\n\n\n<p>L&rsquo;int\u00e9gralit\u00e9 du contenu de ce site est la propri\u00e9t\u00e9 de Tourrettes-Alarme; l&rsquo;usage de tout ou partie de celui ci n&rsquo;est pas autoris\u00e9e.<\/p>\n\n\n\n<p>Tourrettes-Alarme assure un r\u00f4le de conseil quand aux \u00e9ventuelles d\u00e9marches obligatoires, notamment les d\u00e9clarations \u00e0 la CNIL, mais ne serait \u00eatre tenue responsable de l\u2019omission&nbsp; de ces d\u00e9clarations par le client.<\/p>\n","protected":false},"excerpt":{"rendered":"<p>Tourrettes Alarme Video R\u00e9seaux Entreprise individuelle Michel WALLAERE SIRET: 832 273 064 00028 APE: 4321A 2 Gd Rue 06140 TOURRETTES [&hellip;]<\/p>\n","protected":false},"author":1,"featured_media":0,"parent":0,"menu_order":0,"comment_status":"closed","ping_status":"closed","template":"","meta":{"_uag_custom_page_level_css":"","site-sidebar-layout":"default","site-content-layout":"","ast-site-content-layout":"default","site-content-style":"default","site-sidebar-style":"default","ast-global-header-display":"","ast-banner-title-visibility":"","ast-main-header-display":"","ast-hfb-above-header-display":"","ast-hfb-below-header-display":"","ast-hfb-mobile-header-display":"","site-post-title":"","ast-breadcrumbs-content":"","ast-featured-img":"","footer-sml-layout":"","ast-disable-related-posts":"","theme-transparent-header-meta":"","adv-header-id-meta":"","stick-header-meta":"","header-above-stick-meta":"","header-main-stick-meta":"","header-below-stick-meta":"","astra-migrate-meta-layouts":"default","ast-page-background-enabled":"default","ast-page-background-meta":{"desktop":{"background-color":"var(--ast-global-color-5)","background-image":"","background-repeat":"repeat","background-position":"center center","background-size":"auto","background-attachment":"scroll","background-type":"","background-media":"","overlay-type":"","overlay-color":"","overlay-opacity":"","overlay-gradient":""},"tablet":{"background-color":"","background-image":"","background-repeat":"repeat","background-position":"center center","background-size":"auto","background-attachment":"scroll","background-type":"","background-media":"","overlay-type":"","overlay-color":"","overlay-opacity":"","overlay-gradient":""},"mobile":{"background-color":"","background-image":"","background-repeat":"repeat","background-position":"center center","background-size":"auto","background-attachment":"scroll","background-type":"","background-media":"","overlay-type":"","overlay-color":"","overlay-opacity":"","overlay-gradient":""}},"ast-content-background-meta":{"desktop":{"background-color":"var(--ast-global-color-4)","background-image":"","background-repeat":"repeat","background-position":"center center","background-size":"auto","background-attachment":"scroll","background-type":"","background-media":"","overlay-type":"","overlay-color":"","overlay-opacity":"","overlay-gradient":""},"tablet":{"background-color":"var(--ast-global-color-4)","background-image":"","background-repeat":"repeat","background-position":"center center","background-size":"auto","background-attachment":"scroll","background-type":"","background-media":"","overlay-type":"","overlay-color":"","overlay-opacity":"","overlay-gradient":""},"mobile":{"background-color":"var(--ast-global-color-4)","background-image":"","background-repeat":"repeat","background-position":"center center","background-size":"auto","background-attachment":"scroll","background-type":"","background-media":"","overlay-type":"","overlay-color":"","overlay-opacity":"","overlay-gradient":""}},"footnotes":""},"class_list":["post-38","page","type-page","status-publish","hentry"],"uagb_featured_image_src":{"full":false,"thumbnail":false,"medium":false,"medium_large":false,"large":false,"1536x1536":false,"2048x2048":false},"uagb_author_info":{"display_name":"admin5361","author_link":"https:\/\/tourrettes-alarme.fr\/index.php\/author\/admin5361\/"},"uagb_comment_info":0,"uagb_excerpt":"Tourrettes Alarme Video R\u00e9seaux Entreprise individuelle Michel WALLAERE SIRET: 832 273 064 00028 APE: 4321A 2 Gd Rue 06140 TOURRETTES [&hellip;]","_links":{"self":[{"href":"https:\/\/tourrettes-alarme.fr\/index.php\/wp-json\/wp\/v2\/pages\/38","targetHints":{"allow":["GET"]}}],"collection":[{"href":"https:\/\/tourrettes-alarme.fr\/index.php\/wp-json\/wp\/v2\/pages"}],"about":[{"href":"https:\/\/tourrettes-alarme.fr\/index.php\/wp-json\/wp\/v2\/types\/page"}],"author":[{"embeddable":true,"href":"https:\/\/tourrettes-alarme.fr\/index.php\/wp-json\/wp\/v2\/users\/1"}],"replies":[{"embeddable":true,"href":"https:\/\/tourrettes-alarme.fr\/index.php\/wp-json\/wp\/v2\/comments?post=38"}],"version-history":[{"count":3,"href":"https:\/\/tourrettes-alarme.fr\/index.php\/wp-json\/wp\/v2\/pages\/38\/revisions"}],"predecessor-version":[{"id":119,"href":"https:\/\/tourrettes-alarme.fr\/index.php\/wp-json\/wp\/v2\/pages\/38\/revisions\/119"}],"wp:attachment":[{"href":"https:\/\/tourrettes-alarme.fr\/index.php\/wp-json\/wp\/v2\/media?parent=38"}],"curies":[{"name":"wp","href":"https:\/\/api.w.org\/{rel}","templated":true}]}}