{"id":82,"date":"2026-02-05T14:30:11","date_gmt":"2026-02-05T14:30:11","guid":{"rendered":"http:\/\/lwuufuh.cluster121.hosting.ovh.net\/?page_id=82"},"modified":"2026-02-10T20:12:16","modified_gmt":"2026-02-10T20:12:16","slug":"1-2-daitem","status":"publish","type":"page","link":"https:\/\/tourrettes-alarme.fr\/index.php\/1-2-daitem\/","title":{"rendered":"1.2 DAITEM"},"content":{"rendered":"\n<p>Daitem est un constructeur fran\u00e7ais de syst\u00e8mes d&rsquo;alarme. Daitem est l&rsquo;inventeur des syst\u00e8mes d&rsquo;alarme sans fil, leader depuis plus de 40 ans dans ce domaine.<\/p>\n\n\n\n<p>les syst\u00e8mes d&rsquo;alarme Daitem sont particuli\u00e8rement performants et r\u00e9sistants aux tentatives de sabotage gr\u00e2ce \u00e0 leur technologie Twin-band.<\/p>\n\n\n\n<p>Les syst\u00e8mes daitem sont composables et \u00e9volutifs, que ce soit avec diff\u00e9rents p\u00e9riph\u00e9riques de commande, de d\u00e9tection, mais aussi des p\u00e9riph\u00e9riques de d\u00e9tection technique, et incendie*.<\/p>\n\n\n\n<p>Acc\u00e8s au site <a href=\"http:\/\/www.daitem.com\" target=\"_blank\" rel=\"noreferrer noopener\">DAITEM<\/a><\/p>\n\n\n\n<p>Vous h\u00e9sitez et seriez bien tent\u00e9s par des syst\u00e8mes dont on fait massivement de la publicit\u00e9? <\/p>\n\n\n\n<p>Consultez notre <a href=\"https:\/\/tourrettes-alarme.fr\/index.php\/1-3-foire-aux-questions\/\" data-type=\"page\" data-id=\"85\">FAQ<\/a><\/p>\n\n\n\n<p><\/p>\n","protected":false},"excerpt":{"rendered":"<p>Daitem est un constructeur fran\u00e7ais de syst\u00e8mes d&rsquo;alarme. Daitem est l&rsquo;inventeur des syst\u00e8mes d&rsquo;alarme sans fil, leader depuis plus de [&hellip;]<\/p>\n","protected":false},"author":1,"featured_media":0,"parent":0,"menu_order":0,"comment_status":"closed","ping_status":"closed","template":"","meta":{"_uag_custom_page_level_css":"","site-sidebar-layout":"default","site-content-layout":"","ast-site-content-layout":"default","site-content-style":"default","site-sidebar-style":"default","ast-global-header-display":"","ast-banner-title-visibility":"","ast-main-header-display":"","ast-hfb-above-header-display":"","ast-hfb-below-header-display":"","ast-hfb-mobile-header-display":"","site-post-title":"","ast-breadcrumbs-content":"","ast-featured-img":"","footer-sml-layout":"","ast-disable-related-posts":"","theme-transparent-header-meta":"","adv-header-id-meta":"","stick-header-meta":"","header-above-stick-meta":"","header-main-stick-meta":"","header-below-stick-meta":"","astra-migrate-meta-layouts":"default","ast-page-background-enabled":"default","ast-page-background-meta":{"desktop":{"background-color":"var(--ast-global-color-5)","background-image":"","background-repeat":"repeat","background-position":"center center","background-size":"auto","background-attachment":"scroll","background-type":"","background-media":"","overlay-type":"","overlay-color":"","overlay-opacity":"","overlay-gradient":""},"tablet":{"background-color":"","background-image":"","background-repeat":"repeat","background-position":"center center","background-size":"auto","background-attachment":"scroll","background-type":"","background-media":"","overlay-type":"","overlay-color":"","overlay-opacity":"","overlay-gradient":""},"mobile":{"background-color":"","background-image":"","background-repeat":"repeat","background-position":"center center","background-size":"auto","background-attachment":"scroll","background-type":"","background-media":"","overlay-type":"","overlay-color":"","overlay-opacity":"","overlay-gradient":""}},"ast-content-background-meta":{"desktop":{"background-color":"var(--ast-global-color-4)","background-image":"","background-repeat":"repeat","background-position":"center center","background-size":"auto","background-attachment":"scroll","background-type":"","background-media":"","overlay-type":"","overlay-color":"","overlay-opacity":"","overlay-gradient":""},"tablet":{"background-color":"var(--ast-global-color-4)","background-image":"","background-repeat":"repeat","background-position":"center center","background-size":"auto","background-attachment":"scroll","background-type":"","background-media":"","overlay-type":"","overlay-color":"","overlay-opacity":"","overlay-gradient":""},"mobile":{"background-color":"var(--ast-global-color-4)","background-image":"","background-repeat":"repeat","background-position":"center center","background-size":"auto","background-attachment":"scroll","background-type":"","background-media":"","overlay-type":"","overlay-color":"","overlay-opacity":"","overlay-gradient":""}},"footnotes":""},"class_list":["post-82","page","type-page","status-publish","hentry"],"uagb_featured_image_src":{"full":false,"thumbnail":false,"medium":false,"medium_large":false,"large":false,"1536x1536":false,"2048x2048":false},"uagb_author_info":{"display_name":"admin5361","author_link":"https:\/\/tourrettes-alarme.fr\/index.php\/author\/admin5361\/"},"uagb_comment_info":0,"uagb_excerpt":"Daitem est un constructeur fran\u00e7ais de syst\u00e8mes d&rsquo;alarme. Daitem est l&rsquo;inventeur des syst\u00e8mes d&rsquo;alarme sans fil, leader depuis plus de [&hellip;]","_links":{"self":[{"href":"https:\/\/tourrettes-alarme.fr\/index.php\/wp-json\/wp\/v2\/pages\/82","targetHints":{"allow":["GET"]}}],"collection":[{"href":"https:\/\/tourrettes-alarme.fr\/index.php\/wp-json\/wp\/v2\/pages"}],"about":[{"href":"https:\/\/tourrettes-alarme.fr\/index.php\/wp-json\/wp\/v2\/types\/page"}],"author":[{"embeddable":true,"href":"https:\/\/tourrettes-alarme.fr\/index.php\/wp-json\/wp\/v2\/users\/1"}],"replies":[{"embeddable":true,"href":"https:\/\/tourrettes-alarme.fr\/index.php\/wp-json\/wp\/v2\/comments?post=82"}],"version-history":[{"count":4,"href":"https:\/\/tourrettes-alarme.fr\/index.php\/wp-json\/wp\/v2\/pages\/82\/revisions"}],"predecessor-version":[{"id":117,"href":"https:\/\/tourrettes-alarme.fr\/index.php\/wp-json\/wp\/v2\/pages\/82\/revisions\/117"}],"wp:attachment":[{"href":"https:\/\/tourrettes-alarme.fr\/index.php\/wp-json\/wp\/v2\/media?parent=82"}],"curies":[{"name":"wp","href":"https:\/\/api.w.org\/{rel}","templated":true}]}}